{"id":46,"date":"2024-01-15T11:04:25","date_gmt":"2024-01-15T10:04:25","guid":{"rendered":"https:\/\/nesman.eu\/?page_id=46"},"modified":"2024-01-16T12:31:08","modified_gmt":"2024-01-16T11:31:08","slug":"inicio","status":"publish","type":"page","link":"https:\/\/nesman.eu\/","title":{"rendered":"Tu proyecto, nuestra prioridad"},"content":{"rendered":"\n<div class=\"wp-block-group is-vertical is-content-justification-center is-layout-flex wp-container-core-group-is-layout-4b2eccd6 wp-block-group-is-layout-flex\">\n<p class=\"has-text-align-center has-large-font-size\"><strong>Quienes somos<\/strong><\/p>\n\n\n\n<hr class=\"wp-block-separator has-text-color has-luminous-vivid-amber-color has-alpha-channel-opacity has-luminous-vivid-amber-background-color has-background is-style-default\"\/>\n\n\n\n<p class=\"has-text-align-center has-medium-font-size\">Somos una empresa dedicada al alquiler de maquinaria para obras y limpiezas como bombas de achique o hidrolimpiadoras.<\/p>\n\n\n\n<p class=\"has-text-align-center has-medium-font-size\">Tambi\u00e9n realizamos instalaciones y mantenimientos de redes el\u00e9ctricas, sistemas de fontaner\u00eda, portales y piscinas entre otras cosas.<\/p>\n<\/div>\n\n\n\n<div style=\"height:40px\" aria-hidden=\"true\" class=\"wp-block-spacer\"><\/div>\n<div class=\"pvc_clear\"><\/div><p id=\"pvc_stats_46\" class=\"pvc_stats all  \" data-element-id=\"46\" style=\"\"><i class=\"pvc-stats-icon medium\" aria-hidden=\"true\"><svg aria-hidden=\"true\" focusable=\"false\" data-prefix=\"far\" data-icon=\"chart-bar\" role=\"img\" xmlns=\"http:\/\/www.w3.org\/2000\/svg\" viewBox=\"0 0 512 512\" class=\"svg-inline--fa fa-chart-bar fa-w-16 fa-2x\"><path fill=\"currentColor\" d=\"M396.8 352h22.4c6.4 0 12.8-6.4 12.8-12.8V108.8c0-6.4-6.4-12.8-12.8-12.8h-22.4c-6.4 0-12.8 6.4-12.8 12.8v230.4c0 6.4 6.4 12.8 12.8 12.8zm-192 0h22.4c6.4 0 12.8-6.4 12.8-12.8V140.8c0-6.4-6.4-12.8-12.8-12.8h-22.4c-6.4 0-12.8 6.4-12.8 12.8v198.4c0 6.4 6.4 12.8 12.8 12.8zm96 0h22.4c6.4 0 12.8-6.4 12.8-12.8V204.8c0-6.4-6.4-12.8-12.8-12.8h-22.4c-6.4 0-12.8 6.4-12.8 12.8v134.4c0 6.4 6.4 12.8 12.8 12.8zM496 400H48V80c0-8.84-7.16-16-16-16H16C7.16 64 0 71.16 0 80v336c0 17.67 14.33 32 32 32h464c8.84 0 16-7.16 16-16v-16c0-8.84-7.16-16-16-16zm-387.2-48h22.4c6.4 0 12.8-6.4 12.8-12.8v-70.4c0-6.4-6.4-12.8-12.8-12.8h-22.4c-6.4 0-12.8 6.4-12.8 12.8v70.4c0 6.4 6.4 12.8 12.8 12.8z\" class=\"\"><\/path><\/svg><\/i> <img decoding=\"async\" width=\"16\" height=\"16\" alt=\"Loading\" src=\"https:\/\/nesman.eu\/wp-content\/plugins\/page-views-count\/ajax-loader-2x.gif\" border=0 \/><\/p><div class=\"pvc_clear\"><\/div>","protected":false},"excerpt":{"rendered":"<p>Quienes somos Somos una empresa dedicada al alquiler de maquinaria para obras y limpiezas como bombas de achique o hidrolimpiadoras. Tambi\u00e9n realizamos instalaciones y mantenimientos de redes el\u00e9ctricas, sistemas de fontaner\u00eda, portales y piscinas entre otras cosas.<\/p>\n<div class=\"pvc_clear\"><\/div>\n<p id=\"pvc_stats_46\" class=\"pvc_stats all  \" data-element-id=\"46\" style=\"\"><i class=\"pvc-stats-icon medium\" aria-hidden=\"true\"><svg aria-hidden=\"true\" focusable=\"false\" data-prefix=\"far\" data-icon=\"chart-bar\" role=\"img\" xmlns=\"http:\/\/www.w3.org\/2000\/svg\" viewBox=\"0 0 512 512\" class=\"svg-inline--fa fa-chart-bar fa-w-16 fa-2x\"><path fill=\"currentColor\" d=\"M396.8 352h22.4c6.4 0 12.8-6.4 12.8-12.8V108.8c0-6.4-6.4-12.8-12.8-12.8h-22.4c-6.4 0-12.8 6.4-12.8 12.8v230.4c0 6.4 6.4 12.8 12.8 12.8zm-192 0h22.4c6.4 0 12.8-6.4 12.8-12.8V140.8c0-6.4-6.4-12.8-12.8-12.8h-22.4c-6.4 0-12.8 6.4-12.8 12.8v198.4c0 6.4 6.4 12.8 12.8 12.8zm96 0h22.4c6.4 0 12.8-6.4 12.8-12.8V204.8c0-6.4-6.4-12.8-12.8-12.8h-22.4c-6.4 0-12.8 6.4-12.8 12.8v134.4c0 6.4 6.4 12.8 12.8 12.8zM496 400H48V80c0-8.84-7.16-16-16-16H16C7.16 64 0 71.16 0 80v336c0 17.67 14.33 32 32 32h464c8.84 0 16-7.16 16-16v-16c0-8.84-7.16-16-16-16zm-387.2-48h22.4c6.4 0 12.8-6.4 12.8-12.8v-70.4c0-6.4-6.4-12.8-12.8-12.8h-22.4c-6.4 0-12.8 6.4-12.8 12.8v70.4c0 6.4 6.4 12.8 12.8 12.8z\" class=\"\"><\/path><\/svg><\/i> <img decoding=\"async\" width=\"16\" height=\"16\" alt=\"Loading\" src=\"https:\/\/nesman.eu\/wp-content\/plugins\/page-views-count\/ajax-loader-2x.gif\" border=0 \/><\/p>\n<div class=\"pvc_clear\"><\/div>\n","protected":false},"author":1,"featured_media":0,"parent":0,"menu_order":0,"comment_status":"closed","ping_status":"closed","template":"","meta":{"footnotes":""},"class_list":["post-46","page","type-page","status-publish","hentry"],"yoast_head":"<!-- This site is optimized with the Yoast SEO plugin v27.3 - https:\/\/yoast.com\/product\/yoast-seo-wordpress\/ -->\n<title>Tu proyecto, nuestra prioridad - Nesman<\/title>\n<meta name=\"robots\" content=\"index, follow, max-snippet:-1, max-image-preview:large, max-video-preview:-1\" \/>\n<link rel=\"canonical\" href=\"https:\/\/nesman.eu\/\" \/>\n<meta property=\"og:locale\" content=\"es_ES\" \/>\n<meta property=\"og:type\" content=\"article\" \/>\n<meta property=\"og:title\" content=\"Tu proyecto, nuestra prioridad - Nesman\" \/>\n<meta property=\"og:description\" content=\"Quienes somos Somos una empresa dedicada al alquiler de maquinaria para obras y limpiezas como bombas de achique o hidrolimpiadoras. Tambi\u00e9n realizamos instalaciones y mantenimientos de redes el\u00e9ctricas, sistemas de fontaner\u00eda, portales y piscinas entre otras cosas.\" \/>\n<meta property=\"og:url\" content=\"https:\/\/nesman.eu\/\" \/>\n<meta property=\"og:site_name\" content=\"Nesman\" \/>\n<meta property=\"article:modified_time\" content=\"2024-01-16T11:31:08+00:00\" \/>\n<meta name=\"twitter:card\" content=\"summary_large_image\" \/>\n<script type=\"application\/ld+json\" class=\"yoast-schema-graph\">{\"@context\":\"https:\\\/\\\/schema.org\",\"@graph\":[{\"@type\":\"WebPage\",\"@id\":\"https:\\\/\\\/nesman.eu\\\/\",\"url\":\"https:\\\/\\\/nesman.eu\\\/\",\"name\":\"Tu proyecto, nuestra prioridad - Nesman\",\"isPartOf\":{\"@id\":\"https:\\\/\\\/nesman.eu\\\/#website\"},\"datePublished\":\"2024-01-15T10:04:25+00:00\",\"dateModified\":\"2024-01-16T11:31:08+00:00\",\"breadcrumb\":{\"@id\":\"https:\\\/\\\/nesman.eu\\\/#breadcrumb\"},\"inLanguage\":\"es\",\"potentialAction\":[{\"@type\":\"ReadAction\",\"target\":[\"https:\\\/\\\/nesman.eu\\\/\"]}]},{\"@type\":\"BreadcrumbList\",\"@id\":\"https:\\\/\\\/nesman.eu\\\/#breadcrumb\",\"itemListElement\":[{\"@type\":\"ListItem\",\"position\":1,\"name\":\"Portada\",\"item\":\"https:\\\/\\\/nesman.eu\\\/\"},{\"@type\":\"ListItem\",\"position\":2,\"name\":\"Tu proyecto, nuestra prioridad\"}]},{\"@type\":\"WebSite\",\"@id\":\"https:\\\/\\\/nesman.eu\\\/#website\",\"url\":\"https:\\\/\\\/nesman.eu\\\/\",\"name\":\"Nesman\",\"description\":\"Alquiler de maquinaria y servicios\",\"potentialAction\":[{\"@type\":\"SearchAction\",\"target\":{\"@type\":\"EntryPoint\",\"urlTemplate\":\"https:\\\/\\\/nesman.eu\\\/?s={search_term_string}\"},\"query-input\":{\"@type\":\"PropertyValueSpecification\",\"valueRequired\":true,\"valueName\":\"search_term_string\"}}],\"inLanguage\":\"es\"}]}<\/script>\n<!-- \/ Yoast SEO plugin. -->","yoast_head_json":{"title":"Tu proyecto, nuestra prioridad - Nesman","robots":{"index":"index","follow":"follow","max-snippet":"max-snippet:-1","max-image-preview":"max-image-preview:large","max-video-preview":"max-video-preview:-1"},"canonical":"https:\/\/nesman.eu\/","og_locale":"es_ES","og_type":"article","og_title":"Tu proyecto, nuestra prioridad - Nesman","og_description":"Quienes somos Somos una empresa dedicada al alquiler de maquinaria para obras y limpiezas como bombas de achique o hidrolimpiadoras. Tambi\u00e9n realizamos instalaciones y mantenimientos de redes el\u00e9ctricas, sistemas de fontaner\u00eda, portales y piscinas entre otras cosas.","og_url":"https:\/\/nesman.eu\/","og_site_name":"Nesman","article_modified_time":"2024-01-16T11:31:08+00:00","twitter_card":"summary_large_image","schema":{"@context":"https:\/\/schema.org","@graph":[{"@type":"WebPage","@id":"https:\/\/nesman.eu\/","url":"https:\/\/nesman.eu\/","name":"Tu proyecto, nuestra prioridad - Nesman","isPartOf":{"@id":"https:\/\/nesman.eu\/#website"},"datePublished":"2024-01-15T10:04:25+00:00","dateModified":"2024-01-16T11:31:08+00:00","breadcrumb":{"@id":"https:\/\/nesman.eu\/#breadcrumb"},"inLanguage":"es","potentialAction":[{"@type":"ReadAction","target":["https:\/\/nesman.eu\/"]}]},{"@type":"BreadcrumbList","@id":"https:\/\/nesman.eu\/#breadcrumb","itemListElement":[{"@type":"ListItem","position":1,"name":"Portada","item":"https:\/\/nesman.eu\/"},{"@type":"ListItem","position":2,"name":"Tu proyecto, nuestra prioridad"}]},{"@type":"WebSite","@id":"https:\/\/nesman.eu\/#website","url":"https:\/\/nesman.eu\/","name":"Nesman","description":"Alquiler de maquinaria y servicios","potentialAction":[{"@type":"SearchAction","target":{"@type":"EntryPoint","urlTemplate":"https:\/\/nesman.eu\/?s={search_term_string}"},"query-input":{"@type":"PropertyValueSpecification","valueRequired":true,"valueName":"search_term_string"}}],"inLanguage":"es"}]}},"_links":{"self":[{"href":"https:\/\/nesman.eu\/index.php\/wp-json\/wp\/v2\/pages\/46","targetHints":{"allow":["GET"]}}],"collection":[{"href":"https:\/\/nesman.eu\/index.php\/wp-json\/wp\/v2\/pages"}],"about":[{"href":"https:\/\/nesman.eu\/index.php\/wp-json\/wp\/v2\/types\/page"}],"author":[{"embeddable":true,"href":"https:\/\/nesman.eu\/index.php\/wp-json\/wp\/v2\/users\/1"}],"replies":[{"embeddable":true,"href":"https:\/\/nesman.eu\/index.php\/wp-json\/wp\/v2\/comments?post=46"}],"version-history":[{"count":20,"href":"https:\/\/nesman.eu\/index.php\/wp-json\/wp\/v2\/pages\/46\/revisions"}],"predecessor-version":[{"id":152,"href":"https:\/\/nesman.eu\/index.php\/wp-json\/wp\/v2\/pages\/46\/revisions\/152"}],"wp:attachment":[{"href":"https:\/\/nesman.eu\/index.php\/wp-json\/wp\/v2\/media?parent=46"}],"curies":[{"name":"wp","href":"https:\/\/api.w.org\/{rel}","templated":true}]}}