{"id":96,"date":"2024-01-15T12:48:47","date_gmt":"2024-01-15T11:48:47","guid":{"rendered":"https:\/\/nesman.eu\/?page_id=96"},"modified":"2024-03-12T12:53:16","modified_gmt":"2024-03-12T11:53:16","slug":"servicios","status":"publish","type":"page","link":"https:\/\/nesman.eu\/index.php\/servicios\/","title":{"rendered":"Servicios"},"content":{"rendered":"\n<div class=\"wp-block-columns are-vertically-aligned-center is-layout-flex wp-container-core-columns-is-layout-9d6595d7 wp-block-columns-is-layout-flex\">\n<div class=\"wp-block-column is-vertically-aligned-center is-layout-flow wp-block-column-is-layout-flow\" style=\"flex-basis:60%\">\n<div class=\"wp-block-group is-vertical is-content-justification-center is-layout-flex wp-container-core-group-is-layout-4b2eccd6 wp-block-group-is-layout-flex\">\n<p class=\"has-text-align-center\" style=\"font-size:28px\"><strong>Mantenimiento en<\/strong> <strong>comunidades<\/strong><\/p>\n\n\n\n<hr class=\"wp-block-separator has-text-color has-luminous-vivid-amber-color has-alpha-channel-opacity has-luminous-vivid-amber-background-color has-background\"\/>\n\n\n\n<p class=\"has-text-align-center\">En nuestro compromiso constante por elevar la calidad de vida en su comunidad, presentamos nuestro servicio integral de mantenimiento, dise\u00f1ado para asegurar un entorno residencial \u00f3ptimo.<\/p>\n\n\n\n<p class=\"has-text-align-center\" style=\"font-size:18px\">Nuestro equipo de profesionales se dedica de lleno a garantizar el mantenimiento eficiente de \u00e1reas comunes y zonas de recreaci\u00f3n.<\/p>\n<\/div>\n<\/div>\n\n\n\n<div class=\"wp-block-column is-vertically-aligned-center is-layout-flow wp-block-column-is-layout-flow\" style=\"flex-basis:40%\"><div class=\"wp-block-image\">\n<figure class=\"aligncenter size-full is-resized\"><img fetchpriority=\"high\" decoding=\"async\" width=\"500\" height=\"500\" src=\"https:\/\/nesman.eu\/wp-content\/uploads\/2024\/01\/mantenimiento-comunidades.jpg\" alt=\"\" class=\"wp-image-193\" style=\"width:300px\"\/><\/figure>\n<\/div><\/div>\n<\/div>\n\n\n\n<div class=\"wp-block-columns are-vertically-aligned-center is-layout-flex wp-container-core-columns-is-layout-9d6595d7 wp-block-columns-is-layout-flex\">\n<div class=\"wp-block-column is-vertically-aligned-center is-layout-flow wp-block-column-is-layout-flow\" style=\"flex-basis:60%\">\n<div class=\"wp-block-group is-vertical is-content-justification-center is-layout-flex wp-container-core-group-is-layout-4b2eccd6 wp-block-group-is-layout-flex\">\n<p class=\"has-text-align-center\" style=\"font-size:28px\"><strong>Electricidad<\/strong><\/p>\n\n\n\n<hr class=\"wp-block-separator has-text-color has-luminous-vivid-amber-color has-alpha-channel-opacity has-luminous-vivid-amber-background-color has-background is-style-default\"\/>\n\n\n\n<p class=\"has-text-align-center\" style=\"font-size:18px\">Comprometidos con la excelencia en el mantenimiento el\u00e9ctrico, nuestro equipo de electricistas se especializa en garantizar la seguridad y eficiencia de las instalaciones el\u00e9ctricas en todo tipo de entornos.<\/p>\n\n\n\n<p class=\"has-text-align-center\" style=\"font-size:18px\">Desde inspecciones preventivas hasta la resoluci\u00f3n \u00e1gil de aver\u00edas, trabajamos incansablemente para mantener sistemas el\u00e9ctricos en \u00f3ptimas condiciones.<\/p>\n<\/div>\n<\/div>\n\n\n\n<div class=\"wp-block-column is-vertically-aligned-center is-layout-flow wp-block-column-is-layout-flow\" style=\"flex-basis:40%\"><div class=\"wp-block-image is-style-default\">\n<figure data-wp-context=\"{&quot;imageId&quot;:&quot;69dde686bda96&quot;}\" data-wp-interactive=\"core\/image\" data-wp-key=\"69dde686bda96\" class=\"aligncenter size-full is-resized wp-lightbox-container\"><img decoding=\"async\" width=\"500\" height=\"500\" data-wp-class--hide=\"state.isContentHidden\" data-wp-class--show=\"state.isContentVisible\" data-wp-init=\"callbacks.setButtonStyles\" data-wp-on--click=\"actions.showLightbox\" data-wp-on--load=\"callbacks.setButtonStyles\" data-wp-on-window--resize=\"callbacks.setButtonStyles\" src=\"https:\/\/nesman.eu\/wp-content\/uploads\/2024\/01\/electricidad.jpg\" alt=\"\" class=\"wp-image-195\" style=\"width:300px\"\/><button\n\t\t\tclass=\"lightbox-trigger\"\n\t\t\ttype=\"button\"\n\t\t\taria-haspopup=\"dialog\"\n\t\t\taria-label=\"Agrandar\"\n\t\t\tdata-wp-init=\"callbacks.initTriggerButton\"\n\t\t\tdata-wp-on--click=\"actions.showLightbox\"\n\t\t\tdata-wp-style--right=\"state.imageButtonRight\"\n\t\t\tdata-wp-style--top=\"state.imageButtonTop\"\n\t\t>\n\t\t\t<svg xmlns=\"http:\/\/www.w3.org\/2000\/svg\" width=\"12\" height=\"12\" fill=\"none\" viewBox=\"0 0 12 12\">\n\t\t\t\t<path fill=\"#fff\" d=\"M2 0a2 2 0 0 0-2 2v2h1.5V2a.5.5 0 0 1 .5-.5h2V0H2Zm2 10.5H2a.5.5 0 0 1-.5-.5V8H0v2a2 2 0 0 0 2 2h2v-1.5ZM8 12v-1.5h2a.5.5 0 0 0 .5-.5V8H12v2a2 2 0 0 1-2 2H8Zm2-12a2 2 0 0 1 2 2v2h-1.5V2a.5.5 0 0 0-.5-.5H8V0h2Z\" \/>\n\t\t\t<\/svg>\n\t\t<\/button><\/figure>\n<\/div><\/div>\n<\/div>\n\n\n\n<div class=\"wp-block-columns are-vertically-aligned-center is-layout-flex wp-container-core-columns-is-layout-9d6595d7 wp-block-columns-is-layout-flex\">\n<div class=\"wp-block-column is-vertically-aligned-center is-layout-flow wp-block-column-is-layout-flow\" style=\"flex-basis:60%\">\n<div class=\"wp-block-group is-vertical is-content-justification-center is-layout-flex wp-container-core-group-is-layout-4b2eccd6 wp-block-group-is-layout-flex\">\n<p class=\"has-text-align-center\" style=\"font-size:28px\"><strong>Fontaner\u00eda<\/strong><\/p>\n\n\n\n<hr class=\"wp-block-separator has-text-color has-luminous-vivid-amber-color has-alpha-channel-opacity has-luminous-vivid-amber-background-color has-background is-style-default\"\/>\n\n\n\n<p class=\"has-text-align-center\" style=\"font-size:18px\">En nuestra misi\u00f3n dedicada a mantener el correcto funcionamiento de las instalaciones de fontaner\u00eda, nuestro equipo de fontaneros se especializa en brindar soluciones efectivas para cualquier problema.<\/p>\n\n\n\n<p class=\"has-text-align-center\" style=\"font-size:18px\">Desde inspecciones minuciosas hasta intervenciones r\u00e1pidas para resolver problemas, trabajamos para asegurar que las tuber\u00edas de agua en su hogar est\u00e9n en condiciones \u00f3ptimas.<\/p>\n<\/div>\n<\/div>\n\n\n\n<div class=\"wp-block-column is-vertically-aligned-center is-layout-flow wp-block-column-is-layout-flow\" style=\"flex-basis:40%\"><div class=\"wp-block-image is-style-default\">\n<figure data-wp-context=\"{&quot;imageId&quot;:&quot;69dde686be251&quot;}\" data-wp-interactive=\"core\/image\" data-wp-key=\"69dde686be251\" class=\"aligncenter size-full is-resized wp-lightbox-container\"><img decoding=\"async\" width=\"500\" height=\"500\" data-wp-class--hide=\"state.isContentHidden\" data-wp-class--show=\"state.isContentVisible\" data-wp-init=\"callbacks.setButtonStyles\" data-wp-on--click=\"actions.showLightbox\" data-wp-on--load=\"callbacks.setButtonStyles\" data-wp-on-window--resize=\"callbacks.setButtonStyles\" src=\"https:\/\/nesman.eu\/wp-content\/uploads\/2024\/01\/fontaneria.jpg\" alt=\"\" class=\"wp-image-244\" style=\"width:300px\"\/><button\n\t\t\tclass=\"lightbox-trigger\"\n\t\t\ttype=\"button\"\n\t\t\taria-haspopup=\"dialog\"\n\t\t\taria-label=\"Agrandar\"\n\t\t\tdata-wp-init=\"callbacks.initTriggerButton\"\n\t\t\tdata-wp-on--click=\"actions.showLightbox\"\n\t\t\tdata-wp-style--right=\"state.imageButtonRight\"\n\t\t\tdata-wp-style--top=\"state.imageButtonTop\"\n\t\t>\n\t\t\t<svg xmlns=\"http:\/\/www.w3.org\/2000\/svg\" width=\"12\" height=\"12\" fill=\"none\" viewBox=\"0 0 12 12\">\n\t\t\t\t<path fill=\"#fff\" d=\"M2 0a2 2 0 0 0-2 2v2h1.5V2a.5.5 0 0 1 .5-.5h2V0H2Zm2 10.5H2a.5.5 0 0 1-.5-.5V8H0v2a2 2 0 0 0 2 2h2v-1.5ZM8 12v-1.5h2a.5.5 0 0 0 .5-.5V8H12v2a2 2 0 0 1-2 2H8Zm2-12a2 2 0 0 1 2 2v2h-1.5V2a.5.5 0 0 0-.5-.5H8V0h2Z\" \/>\n\t\t\t<\/svg>\n\t\t<\/button><\/figure>\n<\/div><\/div>\n<\/div>\n\n\n\n<div class=\"wp-block-columns are-vertically-aligned-center is-layout-flex wp-container-core-columns-is-layout-9d6595d7 wp-block-columns-is-layout-flex\">\n<div class=\"wp-block-column is-vertically-aligned-center is-layout-flow wp-block-column-is-layout-flow\" style=\"flex-basis:60%\">\n<div class=\"wp-block-group is-vertical is-content-justification-center is-layout-flex wp-container-core-group-is-layout-4b2eccd6 wp-block-group-is-layout-flex\">\n<p class=\"has-text-align-center\" style=\"font-size:28px\"><strong>Portales<\/strong><\/p>\n\n\n\n<hr class=\"wp-block-separator has-text-color has-luminous-vivid-amber-color has-alpha-channel-opacity has-luminous-vivid-amber-background-color has-background is-style-default\"\/>\n\n\n\n<p class=\"has-text-align-center\" style=\"font-size:18px\">Para asegurar la operatividad y seguridad de los portales el\u00e9ctricos, nuestro equipo puede brindar soluciones efectivas para para el montaje y mantenimiento de estos sistemas automatizados.<\/p>\n\n\n\n<p class=\"has-text-align-center\" style=\"font-size:18px\">Nuestra prioridad es ofrecer servicios de montaje y mantenimiento confiables y eficientes, asegurando la seguridad y comodidad en su entorno.<\/p>\n<\/div>\n<\/div>\n\n\n\n<div class=\"wp-block-column is-vertically-aligned-center is-layout-flow wp-block-column-is-layout-flow\" style=\"flex-basis:40%\"><div class=\"wp-block-image is-style-default\">\n<figure data-wp-context=\"{&quot;imageId&quot;:&quot;69dde686be8db&quot;}\" data-wp-interactive=\"core\/image\" data-wp-key=\"69dde686be8db\" class=\"aligncenter size-full is-resized wp-lightbox-container\"><img loading=\"lazy\" decoding=\"async\" width=\"500\" height=\"500\" data-wp-class--hide=\"state.isContentHidden\" data-wp-class--show=\"state.isContentVisible\" data-wp-init=\"callbacks.setButtonStyles\" data-wp-on--click=\"actions.showLightbox\" data-wp-on--load=\"callbacks.setButtonStyles\" data-wp-on-window--resize=\"callbacks.setButtonStyles\" src=\"https:\/\/nesman.eu\/wp-content\/uploads\/2024\/01\/porton-electrico.jpg\" alt=\"\" class=\"wp-image-248\" style=\"width:300px\"\/><button\n\t\t\tclass=\"lightbox-trigger\"\n\t\t\ttype=\"button\"\n\t\t\taria-haspopup=\"dialog\"\n\t\t\taria-label=\"Agrandar\"\n\t\t\tdata-wp-init=\"callbacks.initTriggerButton\"\n\t\t\tdata-wp-on--click=\"actions.showLightbox\"\n\t\t\tdata-wp-style--right=\"state.imageButtonRight\"\n\t\t\tdata-wp-style--top=\"state.imageButtonTop\"\n\t\t>\n\t\t\t<svg xmlns=\"http:\/\/www.w3.org\/2000\/svg\" width=\"12\" height=\"12\" fill=\"none\" viewBox=\"0 0 12 12\">\n\t\t\t\t<path fill=\"#fff\" d=\"M2 0a2 2 0 0 0-2 2v2h1.5V2a.5.5 0 0 1 .5-.5h2V0H2Zm2 10.5H2a.5.5 0 0 1-.5-.5V8H0v2a2 2 0 0 0 2 2h2v-1.5ZM8 12v-1.5h2a.5.5 0 0 0 .5-.5V8H12v2a2 2 0 0 1-2 2H8Zm2-12a2 2 0 0 1 2 2v2h-1.5V2a.5.5 0 0 0-.5-.5H8V0h2Z\" \/>\n\t\t\t<\/svg>\n\t\t<\/button><\/figure>\n<\/div><\/div>\n<\/div>\n\n\n\n<div class=\"wp-block-columns are-vertically-aligned-center is-layout-flex wp-container-core-columns-is-layout-9d6595d7 wp-block-columns-is-layout-flex\">\n<div class=\"wp-block-column is-vertically-aligned-center is-layout-flow wp-block-column-is-layout-flow\" style=\"flex-basis:60%\">\n<div class=\"wp-block-group is-vertical is-content-justification-center is-layout-flex wp-container-core-group-is-layout-4b2eccd6 wp-block-group-is-layout-flex\">\n<p class=\"has-text-align-center\" style=\"font-size:28px\"><strong>Piscinas<\/strong><\/p>\n\n\n\n<hr class=\"wp-block-separator has-text-color has-luminous-vivid-amber-color has-alpha-channel-opacity has-luminous-vivid-amber-background-color has-background is-style-default\"\/>\n\n\n\n<p class=\"has-text-align-center\" style=\"font-size:18px\">Nos encargamos de la instalaci\u00f3n y mantenimiento de piscinas, nuestro equipo proporciona soluciones integrales para garantizar que su oasis acu\u00e1tico sea un lugar de disfrute y relajaci\u00f3n sin complicaciones.<\/p>\n\n\n\n<p class=\"has-text-align-center\" style=\"font-size:18px\">Desde la meticulosa instalaci\u00f3n de sistemas de filtraci\u00f3n y climatizaci\u00f3n hasta la aplicaci\u00f3n de productos qu\u00edmicos para mantener el agua en condiciones ideales, nos esforzamos por asegurar que su piscina se encuentre en un estado \u00f3ptimo.<\/p>\n<\/div>\n<\/div>\n\n\n\n<div class=\"wp-block-column is-vertically-aligned-center is-layout-flow wp-block-column-is-layout-flow\" style=\"flex-basis:40%\"><div class=\"wp-block-image is-style-default\">\n<figure data-wp-context=\"{&quot;imageId&quot;:&quot;69dde686bef3f&quot;}\" data-wp-interactive=\"core\/image\" data-wp-key=\"69dde686bef3f\" class=\"aligncenter size-full is-resized wp-lightbox-container\"><img loading=\"lazy\" decoding=\"async\" width=\"500\" height=\"500\" data-wp-class--hide=\"state.isContentHidden\" data-wp-class--show=\"state.isContentVisible\" data-wp-init=\"callbacks.setButtonStyles\" data-wp-on--click=\"actions.showLightbox\" data-wp-on--load=\"callbacks.setButtonStyles\" data-wp-on-window--resize=\"callbacks.setButtonStyles\" src=\"https:\/\/nesman.eu\/wp-content\/uploads\/2024\/01\/piscina.jpg\" alt=\"\" class=\"wp-image-252\" style=\"width:300px\"\/><button\n\t\t\tclass=\"lightbox-trigger\"\n\t\t\ttype=\"button\"\n\t\t\taria-haspopup=\"dialog\"\n\t\t\taria-label=\"Agrandar\"\n\t\t\tdata-wp-init=\"callbacks.initTriggerButton\"\n\t\t\tdata-wp-on--click=\"actions.showLightbox\"\n\t\t\tdata-wp-style--right=\"state.imageButtonRight\"\n\t\t\tdata-wp-style--top=\"state.imageButtonTop\"\n\t\t>\n\t\t\t<svg xmlns=\"http:\/\/www.w3.org\/2000\/svg\" width=\"12\" height=\"12\" fill=\"none\" viewBox=\"0 0 12 12\">\n\t\t\t\t<path fill=\"#fff\" d=\"M2 0a2 2 0 0 0-2 2v2h1.5V2a.5.5 0 0 1 .5-.5h2V0H2Zm2 10.5H2a.5.5 0 0 1-.5-.5V8H0v2a2 2 0 0 0 2 2h2v-1.5ZM8 12v-1.5h2a.5.5 0 0 0 .5-.5V8H12v2a2 2 0 0 1-2 2H8Zm2-12a2 2 0 0 1 2 2v2h-1.5V2a.5.5 0 0 0-.5-.5H8V0h2Z\" \/>\n\t\t\t<\/svg>\n\t\t<\/button><\/figure>\n<\/div><\/div>\n<\/div>\n<div class=\"pvc_clear\"><\/div><p id=\"pvc_stats_96\" class=\"pvc_stats all  \" data-element-id=\"96\" style=\"\"><i class=\"pvc-stats-icon medium\" aria-hidden=\"true\"><svg aria-hidden=\"true\" focusable=\"false\" data-prefix=\"far\" data-icon=\"chart-bar\" role=\"img\" xmlns=\"http:\/\/www.w3.org\/2000\/svg\" viewBox=\"0 0 512 512\" class=\"svg-inline--fa fa-chart-bar fa-w-16 fa-2x\"><path fill=\"currentColor\" d=\"M396.8 352h22.4c6.4 0 12.8-6.4 12.8-12.8V108.8c0-6.4-6.4-12.8-12.8-12.8h-22.4c-6.4 0-12.8 6.4-12.8 12.8v230.4c0 6.4 6.4 12.8 12.8 12.8zm-192 0h22.4c6.4 0 12.8-6.4 12.8-12.8V140.8c0-6.4-6.4-12.8-12.8-12.8h-22.4c-6.4 0-12.8 6.4-12.8 12.8v198.4c0 6.4 6.4 12.8 12.8 12.8zm96 0h22.4c6.4 0 12.8-6.4 12.8-12.8V204.8c0-6.4-6.4-12.8-12.8-12.8h-22.4c-6.4 0-12.8 6.4-12.8 12.8v134.4c0 6.4 6.4 12.8 12.8 12.8zM496 400H48V80c0-8.84-7.16-16-16-16H16C7.16 64 0 71.16 0 80v336c0 17.67 14.33 32 32 32h464c8.84 0 16-7.16 16-16v-16c0-8.84-7.16-16-16-16zm-387.2-48h22.4c6.4 0 12.8-6.4 12.8-12.8v-70.4c0-6.4-6.4-12.8-12.8-12.8h-22.4c-6.4 0-12.8 6.4-12.8 12.8v70.4c0 6.4 6.4 12.8 12.8 12.8z\" class=\"\"><\/path><\/svg><\/i> <img loading=\"lazy\" decoding=\"async\" width=\"16\" height=\"16\" alt=\"Loading\" src=\"https:\/\/nesman.eu\/wp-content\/plugins\/page-views-count\/ajax-loader-2x.gif\" border=0 \/><\/p><div class=\"pvc_clear\"><\/div>","protected":false},"excerpt":{"rendered":"<p>Mantenimiento en comunidades En nuestro compromiso constante por elevar la calidad de vida en su comunidad, presentamos nuestro servicio integral de mantenimiento, dise\u00f1ado para asegurar un entorno residencial \u00f3ptimo. Nuestro equipo de profesionales se dedica de lleno a garantizar el mantenimiento eficiente de \u00e1reas comunes y zonas de recreaci\u00f3n. Electricidad Comprometidos con la excelencia en [&hellip;]<\/p>\n<div class=\"pvc_clear\"><\/div>\n<p id=\"pvc_stats_96\" class=\"pvc_stats all  \" data-element-id=\"96\" style=\"\"><i class=\"pvc-stats-icon medium\" aria-hidden=\"true\"><svg aria-hidden=\"true\" focusable=\"false\" data-prefix=\"far\" data-icon=\"chart-bar\" role=\"img\" xmlns=\"http:\/\/www.w3.org\/2000\/svg\" viewBox=\"0 0 512 512\" class=\"svg-inline--fa fa-chart-bar fa-w-16 fa-2x\"><path fill=\"currentColor\" d=\"M396.8 352h22.4c6.4 0 12.8-6.4 12.8-12.8V108.8c0-6.4-6.4-12.8-12.8-12.8h-22.4c-6.4 0-12.8 6.4-12.8 12.8v230.4c0 6.4 6.4 12.8 12.8 12.8zm-192 0h22.4c6.4 0 12.8-6.4 12.8-12.8V140.8c0-6.4-6.4-12.8-12.8-12.8h-22.4c-6.4 0-12.8 6.4-12.8 12.8v198.4c0 6.4 6.4 12.8 12.8 12.8zm96 0h22.4c6.4 0 12.8-6.4 12.8-12.8V204.8c0-6.4-6.4-12.8-12.8-12.8h-22.4c-6.4 0-12.8 6.4-12.8 12.8v134.4c0 6.4 6.4 12.8 12.8 12.8zM496 400H48V80c0-8.84-7.16-16-16-16H16C7.16 64 0 71.16 0 80v336c0 17.67 14.33 32 32 32h464c8.84 0 16-7.16 16-16v-16c0-8.84-7.16-16-16-16zm-387.2-48h22.4c6.4 0 12.8-6.4 12.8-12.8v-70.4c0-6.4-6.4-12.8-12.8-12.8h-22.4c-6.4 0-12.8 6.4-12.8 12.8v70.4c0 6.4 6.4 12.8 12.8 12.8z\" class=\"\"><\/path><\/svg><\/i> <img loading=\"lazy\" decoding=\"async\" width=\"16\" height=\"16\" alt=\"Loading\" src=\"https:\/\/nesman.eu\/wp-content\/plugins\/page-views-count\/ajax-loader-2x.gif\" border=0 \/><\/p>\n<div class=\"pvc_clear\"><\/div>\n","protected":false},"author":1,"featured_media":0,"parent":0,"menu_order":0,"comment_status":"closed","ping_status":"closed","template":"","meta":{"footnotes":""},"class_list":["post-96","page","type-page","status-publish","hentry"],"yoast_head":"<!-- This site is optimized with the Yoast SEO plugin v27.3 - https:\/\/yoast.com\/product\/yoast-seo-wordpress\/ -->\n<title>Servicios - Nesman<\/title>\n<meta name=\"robots\" content=\"index, follow, max-snippet:-1, max-image-preview:large, max-video-preview:-1\" \/>\n<link rel=\"canonical\" href=\"https:\/\/nesman.eu\/index.php\/servicios\/\" \/>\n<meta property=\"og:locale\" content=\"es_ES\" \/>\n<meta property=\"og:type\" content=\"article\" \/>\n<meta property=\"og:title\" content=\"Servicios - Nesman\" \/>\n<meta property=\"og:description\" content=\"Mantenimiento en comunidades En nuestro compromiso constante por elevar la calidad de vida en su comunidad, presentamos nuestro servicio integral de mantenimiento, dise\u00f1ado para asegurar un entorno residencial \u00f3ptimo. Nuestro equipo de profesionales se dedica de lleno a garantizar el mantenimiento eficiente de \u00e1reas comunes y zonas de recreaci\u00f3n. Electricidad Comprometidos con la excelencia en [&hellip;]\" \/>\n<meta property=\"og:url\" content=\"https:\/\/nesman.eu\/index.php\/servicios\/\" \/>\n<meta property=\"og:site_name\" content=\"Nesman\" \/>\n<meta property=\"article:modified_time\" content=\"2024-03-12T11:53:16+00:00\" \/>\n<meta property=\"og:image\" content=\"https:\/\/nesman.eu\/wp-content\/uploads\/2024\/01\/mantenimiento-comunidades.jpg\" \/>\n<meta name=\"twitter:card\" content=\"summary_large_image\" \/>\n<meta name=\"twitter:label1\" content=\"Tiempo de lectura\" \/>\n\t<meta name=\"twitter:data1\" content=\"3 minutos\" \/>\n<script type=\"application\/ld+json\" class=\"yoast-schema-graph\">{\"@context\":\"https:\\\/\\\/schema.org\",\"@graph\":[{\"@type\":\"WebPage\",\"@id\":\"https:\\\/\\\/nesman.eu\\\/index.php\\\/servicios\\\/\",\"url\":\"https:\\\/\\\/nesman.eu\\\/index.php\\\/servicios\\\/\",\"name\":\"Servicios - Nesman\",\"isPartOf\":{\"@id\":\"https:\\\/\\\/nesman.eu\\\/#website\"},\"primaryImageOfPage\":{\"@id\":\"https:\\\/\\\/nesman.eu\\\/index.php\\\/servicios\\\/#primaryimage\"},\"image\":{\"@id\":\"https:\\\/\\\/nesman.eu\\\/index.php\\\/servicios\\\/#primaryimage\"},\"thumbnailUrl\":\"https:\\\/\\\/nesman.eu\\\/wp-content\\\/uploads\\\/2024\\\/01\\\/mantenimiento-comunidades.jpg\",\"datePublished\":\"2024-01-15T11:48:47+00:00\",\"dateModified\":\"2024-03-12T11:53:16+00:00\",\"breadcrumb\":{\"@id\":\"https:\\\/\\\/nesman.eu\\\/index.php\\\/servicios\\\/#breadcrumb\"},\"inLanguage\":\"es\",\"potentialAction\":[{\"@type\":\"ReadAction\",\"target\":[\"https:\\\/\\\/nesman.eu\\\/index.php\\\/servicios\\\/\"]}]},{\"@type\":\"ImageObject\",\"inLanguage\":\"es\",\"@id\":\"https:\\\/\\\/nesman.eu\\\/index.php\\\/servicios\\\/#primaryimage\",\"url\":\"https:\\\/\\\/nesman.eu\\\/wp-content\\\/uploads\\\/2024\\\/01\\\/mantenimiento-comunidades.jpg\",\"contentUrl\":\"https:\\\/\\\/nesman.eu\\\/wp-content\\\/uploads\\\/2024\\\/01\\\/mantenimiento-comunidades.jpg\",\"width\":500,\"height\":500},{\"@type\":\"BreadcrumbList\",\"@id\":\"https:\\\/\\\/nesman.eu\\\/index.php\\\/servicios\\\/#breadcrumb\",\"itemListElement\":[{\"@type\":\"ListItem\",\"position\":1,\"name\":\"Portada\",\"item\":\"https:\\\/\\\/nesman.eu\\\/\"},{\"@type\":\"ListItem\",\"position\":2,\"name\":\"Servicios\"}]},{\"@type\":\"WebSite\",\"@id\":\"https:\\\/\\\/nesman.eu\\\/#website\",\"url\":\"https:\\\/\\\/nesman.eu\\\/\",\"name\":\"Nesman\",\"description\":\"Alquiler de maquinaria y servicios\",\"potentialAction\":[{\"@type\":\"SearchAction\",\"target\":{\"@type\":\"EntryPoint\",\"urlTemplate\":\"https:\\\/\\\/nesman.eu\\\/?s={search_term_string}\"},\"query-input\":{\"@type\":\"PropertyValueSpecification\",\"valueRequired\":true,\"valueName\":\"search_term_string\"}}],\"inLanguage\":\"es\"}]}<\/script>\n<!-- \/ Yoast SEO plugin. -->","yoast_head_json":{"title":"Servicios - Nesman","robots":{"index":"index","follow":"follow","max-snippet":"max-snippet:-1","max-image-preview":"max-image-preview:large","max-video-preview":"max-video-preview:-1"},"canonical":"https:\/\/nesman.eu\/index.php\/servicios\/","og_locale":"es_ES","og_type":"article","og_title":"Servicios - Nesman","og_description":"Mantenimiento en comunidades En nuestro compromiso constante por elevar la calidad de vida en su comunidad, presentamos nuestro servicio integral de mantenimiento, dise\u00f1ado para asegurar un entorno residencial \u00f3ptimo. Nuestro equipo de profesionales se dedica de lleno a garantizar el mantenimiento eficiente de \u00e1reas comunes y zonas de recreaci\u00f3n. Electricidad Comprometidos con la excelencia en [&hellip;]","og_url":"https:\/\/nesman.eu\/index.php\/servicios\/","og_site_name":"Nesman","article_modified_time":"2024-03-12T11:53:16+00:00","og_image":[{"url":"https:\/\/nesman.eu\/wp-content\/uploads\/2024\/01\/mantenimiento-comunidades.jpg","type":"","width":"","height":""}],"twitter_card":"summary_large_image","twitter_misc":{"Tiempo de lectura":"3 minutos"},"schema":{"@context":"https:\/\/schema.org","@graph":[{"@type":"WebPage","@id":"https:\/\/nesman.eu\/index.php\/servicios\/","url":"https:\/\/nesman.eu\/index.php\/servicios\/","name":"Servicios - Nesman","isPartOf":{"@id":"https:\/\/nesman.eu\/#website"},"primaryImageOfPage":{"@id":"https:\/\/nesman.eu\/index.php\/servicios\/#primaryimage"},"image":{"@id":"https:\/\/nesman.eu\/index.php\/servicios\/#primaryimage"},"thumbnailUrl":"https:\/\/nesman.eu\/wp-content\/uploads\/2024\/01\/mantenimiento-comunidades.jpg","datePublished":"2024-01-15T11:48:47+00:00","dateModified":"2024-03-12T11:53:16+00:00","breadcrumb":{"@id":"https:\/\/nesman.eu\/index.php\/servicios\/#breadcrumb"},"inLanguage":"es","potentialAction":[{"@type":"ReadAction","target":["https:\/\/nesman.eu\/index.php\/servicios\/"]}]},{"@type":"ImageObject","inLanguage":"es","@id":"https:\/\/nesman.eu\/index.php\/servicios\/#primaryimage","url":"https:\/\/nesman.eu\/wp-content\/uploads\/2024\/01\/mantenimiento-comunidades.jpg","contentUrl":"https:\/\/nesman.eu\/wp-content\/uploads\/2024\/01\/mantenimiento-comunidades.jpg","width":500,"height":500},{"@type":"BreadcrumbList","@id":"https:\/\/nesman.eu\/index.php\/servicios\/#breadcrumb","itemListElement":[{"@type":"ListItem","position":1,"name":"Portada","item":"https:\/\/nesman.eu\/"},{"@type":"ListItem","position":2,"name":"Servicios"}]},{"@type":"WebSite","@id":"https:\/\/nesman.eu\/#website","url":"https:\/\/nesman.eu\/","name":"Nesman","description":"Alquiler de maquinaria y servicios","potentialAction":[{"@type":"SearchAction","target":{"@type":"EntryPoint","urlTemplate":"https:\/\/nesman.eu\/?s={search_term_string}"},"query-input":{"@type":"PropertyValueSpecification","valueRequired":true,"valueName":"search_term_string"}}],"inLanguage":"es"}]}},"_links":{"self":[{"href":"https:\/\/nesman.eu\/index.php\/wp-json\/wp\/v2\/pages\/96","targetHints":{"allow":["GET"]}}],"collection":[{"href":"https:\/\/nesman.eu\/index.php\/wp-json\/wp\/v2\/pages"}],"about":[{"href":"https:\/\/nesman.eu\/index.php\/wp-json\/wp\/v2\/types\/page"}],"author":[{"embeddable":true,"href":"https:\/\/nesman.eu\/index.php\/wp-json\/wp\/v2\/users\/1"}],"replies":[{"embeddable":true,"href":"https:\/\/nesman.eu\/index.php\/wp-json\/wp\/v2\/comments?post=96"}],"version-history":[{"count":73,"href":"https:\/\/nesman.eu\/index.php\/wp-json\/wp\/v2\/pages\/96\/revisions"}],"predecessor-version":[{"id":293,"href":"https:\/\/nesman.eu\/index.php\/wp-json\/wp\/v2\/pages\/96\/revisions\/293"}],"wp:attachment":[{"href":"https:\/\/nesman.eu\/index.php\/wp-json\/wp\/v2\/media?parent=96"}],"curies":[{"name":"wp","href":"https:\/\/api.w.org\/{rel}","templated":true}]}}